{"id":16843,"date":"2023-05-10T04:52:39","date_gmt":"2023-05-10T04:52:39","guid":{"rendered":"https:\/\/mesabonita.es\/?post_type=product&#038;p=16843"},"modified":"2024-01-29T12:05:49","modified_gmt":"2024-01-29T12:05:49","slug":"collectable-tiles-unique-modernist-tiles-for-your-project","status":"publish","type":"product","link":"https:\/\/mesabonita.es\/es\/producto\/collectable-tiles-unique-modernist-tiles-for-your-project\/","title":{"rendered":"Baldosas coleccionables: Tela de ara\u00f1a aguamarina y amarilla"},"content":{"rendered":"","protected":false},"excerpt":{"rendered":"<p><span data-sheets-value=\"{&quot;1&quot;:2,&quot;2&quot;:&quot;Ceramic abstract wall tile from Barcelona's Born neighborhood, circa early 1800s. will be the start of a lot of conversations. Bring a Barcelona treassure home.&quot;}\" data-sheets-userformat=\"{&quot;2&quot;:14915,&quot;3&quot;:{&quot;1&quot;:0},&quot;4&quot;:{&quot;1&quot;:2,&quot;2&quot;:16777215},&quot;9&quot;:0,&quot;12&quot;:0,&quot;14&quot;:{&quot;1&quot;:2,&quot;2&quot;:0},&quot;15&quot;:&quot;Arial&quot;,&quot;16&quot;:9}\">Preciosas baldosas abstractas antiguos del barrio del Born de Barcelona, de principios del siglo XIX. \u00bf\u00a11800s?! S\u00ed, 1800s. Puede incorporar estas baldosas al dise\u00f1o de su hogar y a\u00f1adir algo aut\u00e9ntico, m\u00e1gico y hermoso. Exhiba en su hogar un aut\u00e9ntico tesoro de Barcelona.<\/span><\/p>\n<p>Dimensiones: <span data-sheets-value=\"{&quot;1&quot;:2,&quot;2&quot;:&quot;28cm X 28cm X 2.5cm&quot;}\" data-sheets-userformat=\"{&quot;2&quot;:14499,&quot;3&quot;:{&quot;1&quot;:0,&quot;3&quot;:1},&quot;4&quot;:{&quot;1&quot;:2,&quot;2&quot;:16777215},&quot;8&quot;:{&quot;1&quot;:[{&quot;1&quot;:2,&quot;2&quot;:0,&quot;5&quot;:{&quot;1&quot;:2,&quot;2&quot;:0}},{&quot;1&quot;:0,&quot;2&quot;:0,&quot;3&quot;:3},{&quot;1&quot;:1,&quot;2&quot;:0,&quot;4&quot;:1}]},&quot;10&quot;:2,&quot;14&quot;:{&quot;1&quot;:2,&quot;2&quot;:4408131},&quot;15&quot;:&quot;Arial&quot;,&quot;16&quot;:8}\">13cm x 13cm x 1cm<\/span>. Peso: 2kg<\/p>\n<p>\u2660 Art\u00edculo coleccionable. \u00a1Enviamos internacionalmente!<\/p>\n<p><span data-sheets-value=\"{&quot;1&quot;:2,&quot;2&quot;:&quot;FRC021&quot;}\" data-sheets-userformat=\"{&quot;2&quot;:14467,&quot;3&quot;:{&quot;1&quot;:1},&quot;4&quot;:{&quot;1&quot;:2,&quot;2&quot;:10797812},&quot;10&quot;:2,&quot;14&quot;:{&quot;1&quot;:2,&quot;2&quot;:6710886},&quot;15&quot;:&quot;Arial&quot;,&quot;16&quot;:8}\">Referencia: BC049-1<\/span><\/p>","protected":false},"featured_media":13087,"template":"","meta":[],"product_brand":[],"product_cat":[232,307],"product_tag":[],"class_list":{"0":"post-16843","1":"product","2":"type-product","3":"status-publish","4":"has-post-thumbnail","6":"product_cat-collectables","7":"product_cat-collectable-tiles","8":"product_shipping_class-a3","10":"first","11":"instock","12":"taxable","13":"shipping-taxable","14":"purchasable","15":"product-type-simple"},"_links":{"self":[{"href":"https:\/\/mesabonita.es\/es\/wp-json\/wp\/v2\/product\/16843","targetHints":{"allow":["GET"]}}],"collection":[{"href":"https:\/\/mesabonita.es\/es\/wp-json\/wp\/v2\/product"}],"about":[{"href":"https:\/\/mesabonita.es\/es\/wp-json\/wp\/v2\/types\/product"}],"version-history":[{"count":2,"href":"https:\/\/mesabonita.es\/es\/wp-json\/wp\/v2\/product\/16843\/revisions"}],"predecessor-version":[{"id":17256,"href":"https:\/\/mesabonita.es\/es\/wp-json\/wp\/v2\/product\/16843\/revisions\/17256"}],"wp:featuredmedia":[{"embeddable":true,"href":"https:\/\/mesabonita.es\/es\/wp-json\/wp\/v2\/media\/13087"}],"wp:attachment":[{"href":"https:\/\/mesabonita.es\/es\/wp-json\/wp\/v2\/media?parent=16843"}],"wp:term":[{"taxonomy":"product_brand","embeddable":true,"href":"https:\/\/mesabonita.es\/es\/wp-json\/wp\/v2\/product_brand?post=16843"},{"taxonomy":"product_cat","embeddable":true,"href":"https:\/\/mesabonita.es\/es\/wp-json\/wp\/v2\/product_cat?post=16843"},{"taxonomy":"product_tag","embeddable":true,"href":"https:\/\/mesabonita.es\/es\/wp-json\/wp\/v2\/product_tag?post=16843"}],"curies":[{"name":"wp","href":"https:\/\/api.w.org\/{rel}","templated":true}]}}