{"id":11677,"date":"2022-09-27T15:06:51","date_gmt":"2022-09-27T15:06:51","guid":{"rendered":"https:\/\/mesabonita.es\/?post_type=product&#038;p=11677"},"modified":"2024-02-08T17:48:45","modified_gmt":"2024-02-08T17:48:45","slug":"console-1-x-5-black-and-grey-stars","status":"publish","type":"product","link":"https:\/\/mesabonita.es\/es\/producto\/console-1-x-5-black-and-grey-stars\/","title":{"rendered":"Consola: 1 X 5 Estrellas Negras y Grises"},"content":{"rendered":"<div data-elementor-type=\"wp-post\" data-elementor-id=\"11677\" class=\"elementor elementor-11677\" data-elementor-post-type=\"product\">\n\t\t\t\t\t\t<section class=\"elementor-section elementor-top-section elementor-element elementor-element-eaff891 elementor-section-boxed elementor-section-height-default elementor-section-height-default\" data-id=\"eaff891\" data-element_type=\"section\" data-settings=\"{&quot;jet_parallax_layout_list&quot;:[{&quot;jet_parallax_layout_image&quot;:{&quot;url&quot;:&quot;&quot;,&quot;id&quot;:&quot;&quot;,&quot;size&quot;:&quot;&quot;},&quot;_id&quot;:&quot;a69e911&quot;,&quot;jet_parallax_layout_image_tablet&quot;:{&quot;url&quot;:&quot;&quot;,&quot;id&quot;:&quot;&quot;,&quot;size&quot;:&quot;&quot;},&quot;jet_parallax_layout_image_mobile&quot;:{&quot;url&quot;:&quot;&quot;,&quot;id&quot;:&quot;&quot;,&quot;size&quot;:&quot;&quot;},&quot;jet_parallax_layout_speed&quot;:{&quot;unit&quot;:&quot;%&quot;,&quot;size&quot;:50,&quot;sizes&quot;:[]},&quot;jet_parallax_layout_type&quot;:&quot;scroll&quot;,&quot;jet_parallax_layout_direction&quot;:null,&quot;jet_parallax_layout_fx_direction&quot;:null,&quot;jet_parallax_layout_z_index&quot;:&quot;&quot;,&quot;jet_parallax_layout_bg_x&quot;:50,&quot;jet_parallax_layout_bg_x_tablet&quot;:&quot;&quot;,&quot;jet_parallax_layout_bg_x_mobile&quot;:&quot;&quot;,&quot;jet_parallax_layout_bg_y&quot;:50,&quot;jet_parallax_layout_bg_y_tablet&quot;:&quot;&quot;,&quot;jet_parallax_layout_bg_y_mobile&quot;:&quot;&quot;,&quot;jet_parallax_layout_bg_size&quot;:&quot;auto&quot;,&quot;jet_parallax_layout_bg_size_tablet&quot;:&quot;&quot;,&quot;jet_parallax_layout_bg_size_mobile&quot;:&quot;&quot;,&quot;jet_parallax_layout_animation_prop&quot;:&quot;transform&quot;,&quot;jet_parallax_layout_on&quot;:[&quot;desktop&quot;,&quot;tablet&quot;]}]}\">\n\t\t\t\t\t\t<div class=\"elementor-container elementor-column-gap-no\">\n\t\t\t\t\t<div class=\"elementor-column elementor-col-100 elementor-top-column elementor-element elementor-element-746aa27\" data-id=\"746aa27\" data-element_type=\"column\">\n\t\t\t<div class=\"elementor-widget-wrap elementor-element-populated\">\n\t\t\t\t\t\t<div class=\"elementor-element elementor-element-bb06ba7 elementor-widget elementor-widget-heading\" data-id=\"bb06ba7\" data-element_type=\"widget\" data-widget_type=\"heading.default\">\n\t\t\t\t<div class=\"elementor-widget-container\">\n\t\t\t\t\t<div class=\"elementor-heading-title elementor-size-default\">Informaci\u00f3n del Producto<\/div>\t\t\t\t<\/div>\n\t\t\t\t<\/div>\n\t\t\t\t<div class=\"elementor-element elementor-element-8332d52 elementor-widget__width-initial elementor-widget elementor-widget-text-editor\" data-id=\"8332d52\" data-element_type=\"widget\" data-widget_type=\"text-editor.default\">\n\t\t\t\t<div class=\"elementor-widget-container\">\n\t\t\t\t\t\t\t\t\t<p>Todas las baldosas hidr\u00e1ulicas son aut\u00e9nticas piezas antiguas.<\/p><p>La mayor\u00eda han sido desechadas y luego rescatadas, limpiadas, protegidas y reanimadas para continuar su viaje cultural.<\/p><p>Cada pieza es \u00fanica. * Por lo tanto, las fotos son reproducciones indicativas pero no absolutas de la obra de arte que recibir\u00e1. Sin embargo, la calidad y la autenticidad est\u00e1n aseguradas.<\/p><p>Dele a su pieza el cuidado y el amor que se merece.<\/p>\t\t\t\t\t\t\t\t<\/div>\n\t\t\t\t<\/div>\n\t\t\t\t<section class=\"elementor-section elementor-inner-section elementor-element elementor-element-b844f42 elementor-section-boxed elementor-section-height-default elementor-section-height-default\" data-id=\"b844f42\" data-element_type=\"section\" data-settings=\"{&quot;jet_parallax_layout_list&quot;:[{&quot;jet_parallax_layout_image&quot;:{&quot;url&quot;:&quot;&quot;,&quot;id&quot;:&quot;&quot;,&quot;size&quot;:&quot;&quot;},&quot;_id&quot;:&quot;6458d68&quot;,&quot;jet_parallax_layout_image_tablet&quot;:{&quot;url&quot;:&quot;&quot;,&quot;id&quot;:&quot;&quot;,&quot;size&quot;:&quot;&quot;},&quot;jet_parallax_layout_image_mobile&quot;:{&quot;url&quot;:&quot;&quot;,&quot;id&quot;:&quot;&quot;,&quot;size&quot;:&quot;&quot;},&quot;jet_parallax_layout_speed&quot;:{&quot;unit&quot;:&quot;%&quot;,&quot;size&quot;:50,&quot;sizes&quot;:[]},&quot;jet_parallax_layout_type&quot;:&quot;scroll&quot;,&quot;jet_parallax_layout_direction&quot;:null,&quot;jet_parallax_layout_fx_direction&quot;:null,&quot;jet_parallax_layout_z_index&quot;:&quot;&quot;,&quot;jet_parallax_layout_bg_x&quot;:50,&quot;jet_parallax_layout_bg_x_tablet&quot;:&quot;&quot;,&quot;jet_parallax_layout_bg_x_mobile&quot;:&quot;&quot;,&quot;jet_parallax_layout_bg_y&quot;:50,&quot;jet_parallax_layout_bg_y_tablet&quot;:&quot;&quot;,&quot;jet_parallax_layout_bg_y_mobile&quot;:&quot;&quot;,&quot;jet_parallax_layout_bg_size&quot;:&quot;auto&quot;,&quot;jet_parallax_layout_bg_size_tablet&quot;:&quot;&quot;,&quot;jet_parallax_layout_bg_size_mobile&quot;:&quot;&quot;,&quot;jet_parallax_layout_animation_prop&quot;:&quot;transform&quot;,&quot;jet_parallax_layout_on&quot;:[&quot;desktop&quot;,&quot;tablet&quot;]}]}\">\n\t\t\t\t\t\t<div class=\"elementor-container elementor-column-gap-no\">\n\t\t\t\t\t<div class=\"elementor-column elementor-col-100 elementor-inner-column elementor-element elementor-element-1047819\" data-id=\"1047819\" data-element_type=\"column\">\n\t\t\t<div class=\"elementor-widget-wrap elementor-element-populated\">\n\t\t\t\t\t\t<div class=\"elementor-element elementor-element-06ec5d2 elementor-widget elementor-widget-heading\" data-id=\"06ec5d2\" data-element_type=\"widget\" data-widget_type=\"heading.default\">\n\t\t\t\t<div class=\"elementor-widget-container\">\n\t\t\t\t\t<div class=\"elementor-heading-title elementor-size-default\">Cuidado y mantenimiento:<\/div>\t\t\t\t<\/div>\n\t\t\t\t<\/div>\n\t\t\t\t<div class=\"elementor-element elementor-element-656c875 elementor-icon-list--layout-traditional elementor-list-item-link-full_width elementor-widget elementor-widget-icon-list\" data-id=\"656c875\" data-element_type=\"widget\" data-widget_type=\"icon-list.default\">\n\t\t\t\t<div class=\"elementor-widget-container\">\n\t\t\t\t\t\t\t<ul class=\"elementor-icon-list-items\">\n\t\t\t\t\t\t\t<li class=\"elementor-icon-list-item\">\n\t\t\t\t\t\t\t\t\t\t\t<span class=\"elementor-icon-list-icon\">\n\t\t\t\t\t\t\t<svg xmlns=\"http:\/\/www.w3.org\/2000\/svg\" width=\"20\" height=\"17\" viewbox=\"0 0 20 17\" fill=\"none\"><path fill-rule=\"evenodd\" clip-rule=\"evenodd\" d=\"M9.77744 0C12.1022 0 14.1877 0.944444 15.7262 2.49603C17.2304 4.04762 18.1877 6.17262 18.1877 8.5C18.1877 10.8611 17.2304 12.9861 15.7262 14.504C14.2219 16.0556 12.1022 17 9.77744 17C7.45266 17 5.36719 16.0556 3.82873 14.504C2.32445 12.9861 1.36719 10.8611 1.36719 8.5C1.36719 6.13889 2.32445 4.01389 3.82873 2.49603C5.36719 0.944444 7.45266 0 9.77744 0ZM14.974 3.2381C13.6407 1.88889 11.7945 1.04563 9.77744 1.04563C7.76035 1.04563 5.9142 1.88889 4.58086 3.2381C3.24753 4.5873 2.42702 6.44246 2.42702 8.5C2.42702 10.5575 3.24753 12.4127 4.58086 13.7619C5.9142 15.1111 7.76035 15.9544 9.77744 15.9544C11.7945 15.9544 13.6407 15.1111 14.974 13.7619C16.3074 12.4127 17.1279 10.5575 17.1279 8.5C17.1279 6.44246 16.3074 4.5873 14.974 3.2381Z\" fill=\"#252531\"><\/path><path fill-rule=\"evenodd\" clip-rule=\"evenodd\" d=\"M0.786103 13.6608C0.512599 13.7957 0.170718 13.6945 0.0339662 13.4247C-0.102786 13.1548 0.0339662 12.8513 0.341658 12.7163L19.2134 3.81158C19.487 3.67666 19.8288 3.77785 19.9656 4.04769C20.1023 4.31753 19.9656 4.6211 19.6579 4.75602L0.786103 13.6608Z\" fill=\"#252531\"><\/path><path fill-rule=\"evenodd\" clip-rule=\"evenodd\" d=\"M19.2134 13.6608C19.487 13.7957 19.8288 13.6945 19.9656 13.4247C20.1023 13.1548 19.9656 12.8513 19.6579 12.7163L0.786103 3.81158C0.512599 3.67666 0.170718 3.77785 0.0339662 4.04769C-0.102786 4.31753 0.0339662 4.6211 0.341658 4.75602L19.2134 13.6608Z\" fill=\"#252531\"><\/path><\/svg>\t\t\t\t\t\t<\/span>\n\t\t\t\t\t\t\t\t\t\t<span class=\"elementor-icon-list-text\">Aunque encerado y protegido, limpie con un pa\u00f1o y evite derrames.<\/span>\n\t\t\t\t\t\t\t\t\t<\/li>\n\t\t\t\t\t\t\t\t<li class=\"elementor-icon-list-item\">\n\t\t\t\t\t\t\t\t\t\t\t<span class=\"elementor-icon-list-icon\">\n\t\t\t\t\t\t\t<svg xmlns=\"http:\/\/www.w3.org\/2000\/svg\" width=\"21\" height=\"19\" viewbox=\"0 0 21 19\" fill=\"none\"><path fill-rule=\"evenodd\" clip-rule=\"evenodd\" d=\"M1.13115 17.6455C0.671648 17.8594 0.176803 17.8237 0.0354184 17.5386C-0.105966 17.2534 0.176803 16.8613 0.671648 16.6117L18.9043 5.8819C19.3638 5.66801 19.8587 5.70366 20.0001 5.95319C20.1415 6.23837 19.8587 6.63049 19.3638 6.88002L1.13115 17.6455Z\" fill=\"#252531\"><\/path><path fill-rule=\"evenodd\" clip-rule=\"evenodd\" d=\"M18.9043 17.6455C19.3638 17.8594 19.8587 17.8237 20.0001 17.5386C20.1415 17.2534 19.8587 16.8613 19.3638 16.6117L1.13115 5.8819C0.671648 5.66801 0.176803 5.70366 0.0354184 5.95319C-0.105966 6.23837 0.176803 6.63049 0.671648 6.88002L18.9043 17.6455Z\" fill=\"#252531\"><\/path><path fill-rule=\"evenodd\" clip-rule=\"evenodd\" d=\"M10.4771 0.998124L18.7835 18.1801L19.1723 19H18.2886H1.67594H0.827637L1.21644 18.1801L9.52278 0.998124L10.0176 0L10.4771 0.998124ZM17.4403 17.8593L10.0176 2.45966L2.59494 17.8593H17.4403Z\" fill=\"#252531\"><\/path><\/svg>\t\t\t\t\t\t<\/span>\n\t\t\t\t\t\t\t\t\t\t<span class=\"elementor-icon-list-text\">No use l\u00edquidos de limpieza agresivos<\/span>\n\t\t\t\t\t\t\t\t\t<\/li>\n\t\t\t\t\t\t\t\t<li class=\"elementor-icon-list-item\">\n\t\t\t\t\t\t\t\t\t\t\t<span class=\"elementor-icon-list-icon\">\n\t\t\t\t\t\t\t<svg xmlns=\"http:\/\/www.w3.org\/2000\/svg\" xmlns:xlink=\"http:\/\/www.w3.org\/1999\/xlink\" id=\"Capa_1\" x=\"0px\" y=\"0px\" viewbox=\"0 0 502.664 502.664\" style=\"enable-background:new 0 0 502.664 502.664;\" xml:space=\"preserve\"><g>\t<g>\t\t<g>\t\t\t<polygon style=\"fill:#010002;\" points=\"502.664,156.474 251.343,19.867 0,156.474 251.343,293.104    \"><\/polygon>\t\t\t<polygon style=\"fill:#010002;\" points=\"251.343,337.151 46.722,225.975 0,251.364 251.343,387.929 502.664,251.364     455.942,225.975    \"><\/polygon>\t\t\t<polygon style=\"fill:#010002;\" points=\"251.343,432.02 46.722,320.822 0,346.168 251.343,482.797 502.664,346.168     455.942,320.822    \"><\/polygon>\t\t<\/g>\t<\/g>\t<g>\t<\/g>\t<g>\t<\/g>\t<g>\t<\/g>\t<g>\t<\/g>\t<g>\t<\/g>\t<g>\t<\/g>\t<g>\t<\/g>\t<g>\t<\/g>\t<g>\t<\/g>\t<g>\t<\/g>\t<g>\t<\/g>\t<g>\t<\/g>\t<g>\t<\/g>\t<g>\t<\/g>\t<g>\t<\/g><\/g><g><\/g><g><\/g><g><\/g><g><\/g><g><\/g><g><\/g><g><\/g><g><\/g><g><\/g><g><\/g><g><\/g><g><\/g><g><\/g><g><\/g><g><\/g><\/svg>\t\t\t\t\t\t<\/span>\n\t\t\t\t\t\t\t\t\t\t<span class=\"elementor-icon-list-text\">Materiales: Baldosa de cemento, mesa de acero, cera protectora.<\/span>\n\t\t\t\t\t\t\t\t\t<\/li>\n\t\t\t\t\t\t<\/ul>\n\t\t\t\t\t\t<\/div>\n\t\t\t\t<\/div>\n\t\t\t\t\t<\/div>\n\t\t<\/div>\n\t\t\t\t\t<\/div>\n\t\t<\/section>\n\t\t\t\t\t<\/div>\n\t\t<\/div>\n\t\t\t\t\t<\/div>\n\t\t<\/section>\n\t\t\t\t<\/div>","protected":false},"excerpt":{"rendered":"<p><span data-sheets-value=\"{&quot;1&quot;:2,&quot;2&quot;:&quot;Add a touch of glam to any space with this anywhere console. Graceful and functional with its two hidden drawers.&quot;}\" data-sheets-userformat=\"{&quot;2&quot;:12929,&quot;3&quot;:{&quot;1&quot;:0},&quot;10&quot;:2,&quot;12&quot;:0,&quot;15&quot;:&quot;Arial&quot;,&quot;16&quot;:9}\">Mosaico \u00fanico e impresionante en esta consola de dise\u00f1o de Barcelona. Siempre gire la cabeza para mirar m\u00e1s de cerca. Esta estrella negra y gris sobre un fondo blanquecino realmente se destaca. Agregue un toque de glamour a cualquier espacio con esta consola. Elija el acabado met\u00e1lico que mejor complemente su dise\u00f1o interior.<\/span><\/p>\n<p>Dimensiones: <span data-sheets-value=\"{&quot;1&quot;:2,&quot;2&quot;:&quot;21.5cm X 102cm X 80cm&quot;}\" data-sheets-userformat=\"{&quot;2&quot;:14499,&quot;3&quot;:{&quot;1&quot;:0,&quot;3&quot;:1},&quot;4&quot;:{&quot;1&quot;:2,&quot;2&quot;:16777215},&quot;8&quot;:{&quot;1&quot;:[{&quot;1&quot;:2,&quot;2&quot;:0,&quot;5&quot;:{&quot;1&quot;:2,&quot;2&quot;:0}},{&quot;1&quot;:0,&quot;2&quot;:0,&quot;3&quot;:3},{&quot;1&quot;:1,&quot;2&quot;:0,&quot;4&quot;:1}]},&quot;10&quot;:2,&quot;14&quot;:{&quot;1&quot;:2,&quot;2&quot;:4408131},&quot;15&quot;:&quot;Arial&quot;,&quot;16&quot;:8}\">21.5cm x 102cm x 80cm<\/span><span data-sheets-value=\"{&quot;1&quot;:2,&quot;2&quot;:&quot;44cm X 50cm X 60cm&quot;}\" data-sheets-userformat=\"{&quot;2&quot;:14497,&quot;3&quot;:{&quot;1&quot;:0,&quot;3&quot;:1},&quot;8&quot;:{&quot;1&quot;:[{&quot;1&quot;:2,&quot;2&quot;:0,&quot;5&quot;:{&quot;1&quot;:2,&quot;2&quot;:0}},{&quot;1&quot;:0,&quot;2&quot;:0,&quot;3&quot;:3},{&quot;1&quot;:1,&quot;2&quot;:0,&quot;4&quot;:1}]},&quot;10&quot;:2,&quot;14&quot;:{&quot;1&quot;:3,&quot;3&quot;:1},&quot;15&quot;:&quot;Arial&quot;,&quot;16&quot;:8}\">. Pesa 20kg.<\/span><\/p>\n<p><strong>\u00a1\u00a1Nota!!<\/strong> Tambi\u00e9n existe una versi\u00f3n de esta consola con <strong>cajones<\/strong>. Consulte la categor\u00eda de producto \"Consolas con cajones\". \u00a1Enviamos internacionalmente!<\/p>\n<p><span data-sheets-value=\"{&quot;1&quot;:2,&quot;2&quot;:&quot;FRC021&quot;}\" data-sheets-userformat=\"{&quot;2&quot;:14467,&quot;3&quot;:{&quot;1&quot;:1},&quot;4&quot;:{&quot;1&quot;:2,&quot;2&quot;:10797812},&quot;10&quot;:2,&quot;14&quot;:{&quot;1&quot;:2,&quot;2&quot;:6710886},&quot;15&quot;:&quot;Arial&quot;,&quot;16&quot;:8}\">Referencia: CON040_TD<\/span><\/p>","protected":false},"featured_media":16041,"template":"","meta":[],"product_brand":[],"product_cat":[245,241],"product_tag":[177,174],"class_list":{"0":"post-11677","1":"product","2":"type-product","3":"status-publish","4":"has-post-thumbnail","6":"product_cat-consoles-en","7":"product_cat-furniture-en","8":"product_tag-consoles","9":"product_tag-furniture","10":"product_shipping_class-c10","12":"first","13":"instock","14":"sold-individually","15":"taxable","16":"shipping-taxable","17":"purchasable","18":"product-type-variable"},"_links":{"self":[{"href":"https:\/\/mesabonita.es\/es\/wp-json\/wp\/v2\/product\/11677","targetHints":{"allow":["GET"]}}],"collection":[{"href":"https:\/\/mesabonita.es\/es\/wp-json\/wp\/v2\/product"}],"about":[{"href":"https:\/\/mesabonita.es\/es\/wp-json\/wp\/v2\/types\/product"}],"version-history":[{"count":1,"href":"https:\/\/mesabonita.es\/es\/wp-json\/wp\/v2\/product\/11677\/revisions"}],"predecessor-version":[{"id":17306,"href":"https:\/\/mesabonita.es\/es\/wp-json\/wp\/v2\/product\/11677\/revisions\/17306"}],"wp:featuredmedia":[{"embeddable":true,"href":"https:\/\/mesabonita.es\/es\/wp-json\/wp\/v2\/media\/16041"}],"wp:attachment":[{"href":"https:\/\/mesabonita.es\/es\/wp-json\/wp\/v2\/media?parent=11677"}],"wp:term":[{"taxonomy":"product_brand","embeddable":true,"href":"https:\/\/mesabonita.es\/es\/wp-json\/wp\/v2\/product_brand?post=11677"},{"taxonomy":"product_cat","embeddable":true,"href":"https:\/\/mesabonita.es\/es\/wp-json\/wp\/v2\/product_cat?post=11677"},{"taxonomy":"product_tag","embeddable":true,"href":"https:\/\/mesabonita.es\/es\/wp-json\/wp\/v2\/product_tag?post=11677"}],"curies":[{"name":"wp","href":"https:\/\/api.w.org\/{rel}","templated":true}]}}