{"id":11422,"date":"2022-09-24T20:31:28","date_gmt":"2022-09-24T20:31:28","guid":{"rendered":"https:\/\/mesabonita.es\/?post_type=product&#038;p=11422"},"modified":"2023-05-03T12:29:40","modified_gmt":"2023-05-03T12:29:40","slug":"framed-persian-green-tangerine-orchid-ceramic","status":"publish","type":"product","link":"https:\/\/mesabonita.es\/es\/producto\/framed-persian-green-tangerine-orchid-ceramic\/","title":{"rendered":"Baldosa Enmarcada: Cer\u00e1mica de Orqu\u00eddea Mandarina y Verde Persa"},"content":{"rendered":"<div data-elementor-type=\"wp-post\" data-elementor-id=\"11422\" class=\"elementor elementor-11422\" data-elementor-post-type=\"product\">\n\t\t\t\t\t\t<section class=\"elementor-section elementor-top-section elementor-element elementor-element-eaff891 elementor-section-boxed elementor-section-height-default elementor-section-height-default\" data-id=\"eaff891\" data-element_type=\"section\" data-settings=\"{&quot;jet_parallax_layout_list&quot;:[{&quot;jet_parallax_layout_image&quot;:{&quot;url&quot;:&quot;&quot;,&quot;id&quot;:&quot;&quot;,&quot;size&quot;:&quot;&quot;},&quot;_id&quot;:&quot;a69e911&quot;,&quot;jet_parallax_layout_image_tablet&quot;:{&quot;url&quot;:&quot;&quot;,&quot;id&quot;:&quot;&quot;,&quot;size&quot;:&quot;&quot;},&quot;jet_parallax_layout_image_mobile&quot;:{&quot;url&quot;:&quot;&quot;,&quot;id&quot;:&quot;&quot;,&quot;size&quot;:&quot;&quot;},&quot;jet_parallax_layout_speed&quot;:{&quot;unit&quot;:&quot;%&quot;,&quot;size&quot;:50,&quot;sizes&quot;:[]},&quot;jet_parallax_layout_type&quot;:&quot;scroll&quot;,&quot;jet_parallax_layout_direction&quot;:null,&quot;jet_parallax_layout_fx_direction&quot;:null,&quot;jet_parallax_layout_z_index&quot;:&quot;&quot;,&quot;jet_parallax_layout_bg_x&quot;:50,&quot;jet_parallax_layout_bg_x_tablet&quot;:&quot;&quot;,&quot;jet_parallax_layout_bg_x_mobile&quot;:&quot;&quot;,&quot;jet_parallax_layout_bg_y&quot;:50,&quot;jet_parallax_layout_bg_y_tablet&quot;:&quot;&quot;,&quot;jet_parallax_layout_bg_y_mobile&quot;:&quot;&quot;,&quot;jet_parallax_layout_bg_size&quot;:&quot;auto&quot;,&quot;jet_parallax_layout_bg_size_tablet&quot;:&quot;&quot;,&quot;jet_parallax_layout_bg_size_mobile&quot;:&quot;&quot;,&quot;jet_parallax_layout_animation_prop&quot;:&quot;transform&quot;,&quot;jet_parallax_layout_on&quot;:[&quot;desktop&quot;,&quot;tablet&quot;]}]}\">\n\t\t\t\t\t\t<div class=\"elementor-container elementor-column-gap-no\">\n\t\t\t\t\t<div class=\"elementor-column elementor-col-100 elementor-top-column elementor-element elementor-element-746aa27\" data-id=\"746aa27\" data-element_type=\"column\">\n\t\t\t<div class=\"elementor-widget-wrap elementor-element-populated\">\n\t\t\t\t\t\t<div class=\"elementor-element elementor-element-bb06ba7 elementor-widget elementor-widget-heading\" data-id=\"bb06ba7\" data-element_type=\"widget\" data-widget_type=\"heading.default\">\n\t\t\t\t<div class=\"elementor-widget-container\">\n\t\t\t\t\t<div class=\"elementor-heading-title elementor-size-default\">Informaci\u00f3n del Producto<\/div>\t\t\t\t<\/div>\n\t\t\t\t<\/div>\n\t\t\t\t<div class=\"elementor-element elementor-element-8332d52 elementor-widget__width-initial elementor-widget elementor-widget-text-editor\" data-id=\"8332d52\" data-element_type=\"widget\" data-widget_type=\"text-editor.default\">\n\t\t\t\t<div class=\"elementor-widget-container\">\n\t\t\t\t\t\t\t\t\t<p>Las baldosas de cer\u00e1mica son todas aut\u00e9nticas piezas antiguas.<\/p><p>La mayor\u00eda han sido desechadas y luego rescatadas, limpiadas, protegidas y reanimadas para continuar su viaje cultural.<\/p><p>Cada pieza es \u00fanica. * Por lo tanto, las fotos son reproducciones indicativas pero no absolutas de la obra de arte que recibir\u00e1. Sin embargo, la calidad y la autenticidad est\u00e1n aseguradas.<\/p><p>Dele a su pieza el cuidado y el amor que se merece.<\/p>\t\t\t\t\t\t\t\t<\/div>\n\t\t\t\t<\/div>\n\t\t\t\t<section class=\"elementor-section elementor-inner-section elementor-element elementor-element-b844f42 elementor-section-boxed elementor-section-height-default elementor-section-height-default\" data-id=\"b844f42\" data-element_type=\"section\" data-settings=\"{&quot;jet_parallax_layout_list&quot;:[{&quot;jet_parallax_layout_image&quot;:{&quot;url&quot;:&quot;&quot;,&quot;id&quot;:&quot;&quot;,&quot;size&quot;:&quot;&quot;},&quot;_id&quot;:&quot;6458d68&quot;,&quot;jet_parallax_layout_image_tablet&quot;:{&quot;url&quot;:&quot;&quot;,&quot;id&quot;:&quot;&quot;,&quot;size&quot;:&quot;&quot;},&quot;jet_parallax_layout_image_mobile&quot;:{&quot;url&quot;:&quot;&quot;,&quot;id&quot;:&quot;&quot;,&quot;size&quot;:&quot;&quot;},&quot;jet_parallax_layout_speed&quot;:{&quot;unit&quot;:&quot;%&quot;,&quot;size&quot;:50,&quot;sizes&quot;:[]},&quot;jet_parallax_layout_type&quot;:&quot;scroll&quot;,&quot;jet_parallax_layout_direction&quot;:null,&quot;jet_parallax_layout_fx_direction&quot;:null,&quot;jet_parallax_layout_z_index&quot;:&quot;&quot;,&quot;jet_parallax_layout_bg_x&quot;:50,&quot;jet_parallax_layout_bg_x_tablet&quot;:&quot;&quot;,&quot;jet_parallax_layout_bg_x_mobile&quot;:&quot;&quot;,&quot;jet_parallax_layout_bg_y&quot;:50,&quot;jet_parallax_layout_bg_y_tablet&quot;:&quot;&quot;,&quot;jet_parallax_layout_bg_y_mobile&quot;:&quot;&quot;,&quot;jet_parallax_layout_bg_size&quot;:&quot;auto&quot;,&quot;jet_parallax_layout_bg_size_tablet&quot;:&quot;&quot;,&quot;jet_parallax_layout_bg_size_mobile&quot;:&quot;&quot;,&quot;jet_parallax_layout_animation_prop&quot;:&quot;transform&quot;,&quot;jet_parallax_layout_on&quot;:[&quot;desktop&quot;,&quot;tablet&quot;]}]}\">\n\t\t\t\t\t\t<div class=\"elementor-container elementor-column-gap-no\">\n\t\t\t\t\t<div class=\"elementor-column elementor-col-100 elementor-inner-column elementor-element elementor-element-1047819\" data-id=\"1047819\" data-element_type=\"column\">\n\t\t\t<div class=\"elementor-widget-wrap elementor-element-populated\">\n\t\t\t\t\t\t<div class=\"elementor-element elementor-element-06ec5d2 elementor-widget elementor-widget-heading\" data-id=\"06ec5d2\" data-element_type=\"widget\" data-widget_type=\"heading.default\">\n\t\t\t\t<div class=\"elementor-widget-container\">\n\t\t\t\t\t<div class=\"elementor-heading-title elementor-size-default\">Cuidado y mantenimiento:<\/div>\t\t\t\t<\/div>\n\t\t\t\t<\/div>\n\t\t\t\t<div class=\"elementor-element elementor-element-656c875 elementor-icon-list--layout-traditional elementor-list-item-link-full_width elementor-widget elementor-widget-icon-list\" data-id=\"656c875\" data-element_type=\"widget\" data-widget_type=\"icon-list.default\">\n\t\t\t\t<div class=\"elementor-widget-container\">\n\t\t\t\t\t\t\t<ul class=\"elementor-icon-list-items\">\n\t\t\t\t\t\t\t<li class=\"elementor-icon-list-item\">\n\t\t\t\t\t\t\t\t\t\t\t<span class=\"elementor-icon-list-icon\">\n\t\t\t\t\t\t\t<svg xmlns=\"http:\/\/www.w3.org\/2000\/svg\" width=\"21\" height=\"19\" viewbox=\"0 0 21 19\" fill=\"none\"><path fill-rule=\"evenodd\" clip-rule=\"evenodd\" d=\"M1.13115 17.6455C0.671648 17.8594 0.176803 17.8237 0.0354184 17.5386C-0.105966 17.2534 0.176803 16.8613 0.671648 16.6117L18.9043 5.8819C19.3638 5.66801 19.8587 5.70366 20.0001 5.95319C20.1415 6.23837 19.8587 6.63049 19.3638 6.88002L1.13115 17.6455Z\" fill=\"#252531\"><\/path><path fill-rule=\"evenodd\" clip-rule=\"evenodd\" d=\"M18.9043 17.6455C19.3638 17.8594 19.8587 17.8237 20.0001 17.5386C20.1415 17.2534 19.8587 16.8613 19.3638 16.6117L1.13115 5.8819C0.671648 5.66801 0.176803 5.70366 0.0354184 5.95319C-0.105966 6.23837 0.176803 6.63049 0.671648 6.88002L18.9043 17.6455Z\" fill=\"#252531\"><\/path><path fill-rule=\"evenodd\" clip-rule=\"evenodd\" d=\"M10.4771 0.998124L18.7835 18.1801L19.1723 19H18.2886H1.67594H0.827637L1.21644 18.1801L9.52278 0.998124L10.0176 0L10.4771 0.998124ZM17.4403 17.8593L10.0176 2.45966L2.59494 17.8593H17.4403Z\" fill=\"#252531\"><\/path><\/svg>\t\t\t\t\t\t<\/span>\n\t\t\t\t\t\t\t\t\t\t<span class=\"elementor-icon-list-text\">No use l\u00edquidos de limpieza agresivos<\/span>\n\t\t\t\t\t\t\t\t\t<\/li>\n\t\t\t\t\t\t\t\t<li class=\"elementor-icon-list-item\">\n\t\t\t\t\t\t\t\t\t\t\t<span class=\"elementor-icon-list-icon\">\n\t\t\t\t\t\t\t<svg xmlns=\"http:\/\/www.w3.org\/2000\/svg\" xmlns:xlink=\"http:\/\/www.w3.org\/1999\/xlink\" id=\"Capa_1\" x=\"0px\" y=\"0px\" viewbox=\"0 0 502.664 502.664\" style=\"enable-background:new 0 0 502.664 502.664;\" xml:space=\"preserve\"><g>\t<g>\t\t<g>\t\t\t<polygon style=\"fill:#010002;\" points=\"502.664,156.474 251.343,19.867 0,156.474 251.343,293.104    \"><\/polygon>\t\t\t<polygon style=\"fill:#010002;\" points=\"251.343,337.151 46.722,225.975 0,251.364 251.343,387.929 502.664,251.364     455.942,225.975    \"><\/polygon>\t\t\t<polygon style=\"fill:#010002;\" points=\"251.343,432.02 46.722,320.822 0,346.168 251.343,482.797 502.664,346.168     455.942,320.822    \"><\/polygon>\t\t<\/g>\t<\/g>\t<g>\t<\/g>\t<g>\t<\/g>\t<g>\t<\/g>\t<g>\t<\/g>\t<g>\t<\/g>\t<g>\t<\/g>\t<g>\t<\/g>\t<g>\t<\/g>\t<g>\t<\/g>\t<g>\t<\/g>\t<g>\t<\/g>\t<g>\t<\/g>\t<g>\t<\/g>\t<g>\t<\/g>\t<g>\t<\/g><\/g><g><\/g><g><\/g><g><\/g><g><\/g><g><\/g><g><\/g><g><\/g><g><\/g><g><\/g><g><\/g><g><\/g><g><\/g><g><\/g><g><\/g><g><\/g><\/svg>\t\t\t\t\t\t<\/span>\n\t\t\t\t\t\t\t\t\t\t<span class=\"elementor-icon-list-text\">Materiales: baldosa de cer\u00e1mica con esmalte decorativo, marco de madera wengu\u00e9<\/span>\n\t\t\t\t\t\t\t\t\t<\/li>\n\t\t\t\t\t\t<\/ul>\n\t\t\t\t\t\t<\/div>\n\t\t\t\t<\/div>\n\t\t\t\t\t<\/div>\n\t\t<\/div>\n\t\t\t\t\t<\/div>\n\t\t<\/section>\n\t\t\t\t\t<\/div>\n\t\t<\/div>\n\t\t\t\t\t<\/div>\n\t\t<\/section>\n\t\t\t\t<\/div>","protected":false},"excerpt":{"rendered":"<p><span data-sheets-value=\"{&quot;1&quot;:2,&quot;2&quot;:&quot;One of a kind ceramic tile with vibrant contrasty design and colours, will lighten up any room. &quot;}\" data-sheets-userformat=\"{&quot;2&quot;:12929,&quot;3&quot;:{&quot;1&quot;:0},&quot;10&quot;:2,&quot;12&quot;:0,&quot;15&quot;:&quot;Arial&quot;,&quot;16&quot;:9}\">Una baldosa cer\u00e1mica din\u00e1mica, de color ocre o miel, casi una escultura por su pronunciado relieve y tridimensionalidad. Una obra de arte enmarcada realmente \u00fanica con hojas de roble y flores. <\/span><\/p>\n<p>Dimensiones: <span data-sheets-value=\"{&quot;1&quot;:2,&quot;2&quot;:&quot;28cm X 28cm X 2.5cm&quot;}\" data-sheets-userformat=\"{&quot;2&quot;:14499,&quot;3&quot;:{&quot;1&quot;:0,&quot;3&quot;:1},&quot;4&quot;:{&quot;1&quot;:2,&quot;2&quot;:16777215},&quot;8&quot;:{&quot;1&quot;:[{&quot;1&quot;:2,&quot;2&quot;:0,&quot;5&quot;:{&quot;1&quot;:2,&quot;2&quot;:0}},{&quot;1&quot;:0,&quot;2&quot;:0,&quot;3&quot;:3},{&quot;1&quot;:1,&quot;2&quot;:0,&quot;4&quot;:1}]},&quot;10&quot;:2,&quot;14&quot;:{&quot;1&quot;:2,&quot;2&quot;:4408131},&quot;15&quot;:&quot;Arial&quot;,&quot;16&quot;:8}\">28cm x 28cm x 2.5cm<\/span>. Peso: 2kg<\/p>\n<p>\u2660 Art\u00edculo coleccionable. \u00a1Enviamos internacionalmente!<\/p>\n<p><span data-sheets-value=\"{&quot;1&quot;:2,&quot;2&quot;:&quot;FRC021&quot;}\" data-sheets-userformat=\"{&quot;2&quot;:14467,&quot;3&quot;:{&quot;1&quot;:1},&quot;4&quot;:{&quot;1&quot;:2,&quot;2&quot;:10797812},&quot;10&quot;:2,&quot;14&quot;:{&quot;1&quot;:2,&quot;2&quot;:6710886},&quot;15&quot;:&quot;Arial&quot;,&quot;16&quot;:8}\">Referencia: FRC021<\/span><\/p>","protected":false},"featured_media":16137,"template":"","meta":[],"product_brand":[],"product_cat":[232,211,182],"product_tag":[180,179,183],"class_list":{"0":"post-11422","1":"product","2":"type-product","3":"status-publish","4":"has-post-thumbnail","6":"product_cat-collectables","7":"product_cat-decorative-en","8":"product_cat-framed-art","9":"product_tag-collectables","10":"product_tag-decorative","11":"product_tag-framed-art","12":"product_shipping_class-a3","14":"first","15":"instock","16":"featured","17":"taxable","18":"shipping-taxable","19":"purchasable","20":"product-type-simple"},"_links":{"self":[{"href":"https:\/\/mesabonita.es\/es\/wp-json\/wp\/v2\/product\/11422","targetHints":{"allow":["GET"]}}],"collection":[{"href":"https:\/\/mesabonita.es\/es\/wp-json\/wp\/v2\/product"}],"about":[{"href":"https:\/\/mesabonita.es\/es\/wp-json\/wp\/v2\/types\/product"}],"version-history":[{"count":0,"href":"https:\/\/mesabonita.es\/es\/wp-json\/wp\/v2\/product\/11422\/revisions"}],"wp:featuredmedia":[{"embeddable":true,"href":"https:\/\/mesabonita.es\/es\/wp-json\/wp\/v2\/media\/16137"}],"wp:attachment":[{"href":"https:\/\/mesabonita.es\/es\/wp-json\/wp\/v2\/media?parent=11422"}],"wp:term":[{"taxonomy":"product_brand","embeddable":true,"href":"https:\/\/mesabonita.es\/es\/wp-json\/wp\/v2\/product_brand?post=11422"},{"taxonomy":"product_cat","embeddable":true,"href":"https:\/\/mesabonita.es\/es\/wp-json\/wp\/v2\/product_cat?post=11422"},{"taxonomy":"product_tag","embeddable":true,"href":"https:\/\/mesabonita.es\/es\/wp-json\/wp\/v2\/product_tag?post=11422"}],"curies":[{"name":"wp","href":"https:\/\/api.w.org\/{rel}","templated":true}]}}