{"id":9478,"date":"2022-09-19T16:58:39","date_gmt":"2022-09-19T16:58:39","guid":{"rendered":"https:\/\/demo.crocoblock.com\/zolden-new\/?page_id=9478"},"modified":"2022-11-29T11:26:51","modified_gmt":"2022-11-29T11:26:51","slug":"refund-returns","status":"publish","type":"page","link":"https:\/\/mesabonita.es\/es\/refund-returns\/","title":{"rendered":"Refund and Returns Policy"},"content":{"rendered":"<p><\/p>\n\n\n\n<p><h3>Resumen<\/h3><\/p>\n\n\n\n<p>Our Mesa Bonita refund and returns policy lasts 30 days. If 30 days have passed since your purchase, we can\u2019t offer you a full refund or exchange.<\/p>\n\n\n\n<p>Para poder realizar una devoluci\u00f3n, su art\u00edculo debe estar sin usar y en las mismas condiciones en las que lo recib\u00ed. Tambi\u00e9n debe estar en su embalaje original.<\/p>\n\n\n\n<p>Para completar la devoluci\u00f3n, necesitamos un recibo o prueba de compra.<\/p>\n\n\n\n<p>Por favor, no nos devuelva su compra antes de haber organizado los detalles.<\/p>\n\n\n\n<p><h2>Reembolsos<\/h2><\/p>\n\n\n\n<p>Una vez recibida e inspeccionado su reembolso, le enviaremos un correo electr\u00f3nico para notificarle que hemos recibido su art\u00edculo devuelto. Tambi\u00e9n le notificaremos la aprobaci\u00f3n o el rechazo de su reembolso.<\/p>\n\n\n\n<p>Si se aprueba, se procesar\u00e1 el reembolso y se aplicar\u00e1 autom\u00e1ticamente un cr\u00e9dito a su tarjeta de cr\u00e9dito o m\u00e9todo de pago original, en un plazo determinado de d\u00edas.<\/p>\n\n\n\n<p><b>Reembolsos atrasados o no efectuados<\/b><\/p>\n\n\n\n<p>Si a\u00fan no ha recibido el reembolso, compruebe primero de nuevo su cuenta bancaria.<\/p>\n\n\n\n<p>A continuaci\u00f3n, p\u00f3ngase en contacto con la entidad emisora de su tarjeta de cr\u00e9dito.<\/p>\n\n\n\n<p>A continuaci\u00f3n, p\u00f3ngase en contacto con su banco. A menudo transcurre alg\u00fan tiempo antes de que se contabilice el reembolso.<\/p>\n\n\n\n<p>If you\u2019ve done all of this and you still have not received your refund yet, please contact us at {email address}.<\/p>\n\n\n\n<p><b>Art\u00edculos en oferta<\/b><\/p>\n\n\n\n<p>S\u00f3lo se reembolsar\u00e1n los art\u00edculos de precio normal. Los art\u00edculos en oferta no pueden ser reembolsados.<\/p>\n\n\n\n<p><h2>Cambios<\/h2><\/p>\n\n\n\n<p>We only replace items if they are defective or damaged. If you need to exchange it for the same item, send us an email at {email address} and send your item to: {physical address}.<\/p>\n\n\n\n<p><h2>Regalos<\/h2><\/p>\n\n\n\n<p>Si el art\u00edculo se marc\u00f3 como regalo cuando se compr\u00f3 y se envi\u00f3 directamente a usted, recibir\u00e1 un cr\u00e9dito de regalo por el valor de su devoluci\u00f3n. Una vez recibido el art\u00edculo devuelto, se le enviar\u00e1 por correo un vale de regalo.<\/p>\n\n\n\n<p>Si el art\u00edculo no estaba marcado como regalo en el momento de la compra, o si la persona que hizo el regalo se envi\u00f3 a s\u00ed misma el pedido para entreg\u00e1rtelo a ti m\u00e1s tarde, enviaremos un reembolso a la persona que hizo el regalo y ella se enterar\u00e1 de tu devoluci\u00f3n.<\/p>\n\n\n\n<p><h2>Shipping returns<\/h2><\/p>\n\n\n\n<p>Para devolver su producto, debe enviarlo por correo a: <\/p>\n\n\n\n<p>Mesa Bonita<br>Calle Gayarre, 2, Pral<br>08014 Barcelona<br>Espa\u00f1a<\/p>\n\n\n\n<p>You will be responsible for paying for your own shipping costs for returning your item. Shipping costs are non-refundable. If you receive a refund, the cost of return shipping will be deducted from your refund.<\/p>\n\n\n\n<p>Dependiendo de d\u00f3nde viva, el tiempo que puede tardar en llegarle el producto cambiado puede variar.<\/p>\n\n\n\n<p>If you are returning more expensive items, you may consider using a trackable shipping service or purchasing shipping insurance. We don\u2019t guarantee that we will receive your returned item.<\/p>\n\n\n\n<p><h2>Need help?<\/h2><\/p>\n\n\n\n<p>Utilice nuestro formulario de contacto para preguntas relacionadas con reembolsos y devoluciones.<\/p>","protected":false},"excerpt":{"rendered":"<p>Overview Our Mesa Bonita refund and returns policy lasts 30 days. If 30 days have passed since your purchase, we can\u2019t offer you a full refund or exchange. To be eligible for a return, your item must be unused and in the same condition that you received it. It must also be in the original [&hellip;]<\/p>","protected":false},"author":283,"featured_media":0,"parent":0,"menu_order":0,"comment_status":"closed","ping_status":"closed","template":"","meta":{"footnotes":""},"class_list":["post-9478","page","type-page","status-publish","hentry"],"_links":{"self":[{"href":"https:\/\/mesabonita.es\/es\/wp-json\/wp\/v2\/pages\/9478","targetHints":{"allow":["GET"]}}],"collection":[{"href":"https:\/\/mesabonita.es\/es\/wp-json\/wp\/v2\/pages"}],"about":[{"href":"https:\/\/mesabonita.es\/es\/wp-json\/wp\/v2\/types\/page"}],"author":[{"embeddable":true,"href":"https:\/\/mesabonita.es\/es\/wp-json\/wp\/v2\/users\/283"}],"replies":[{"embeddable":true,"href":"https:\/\/mesabonita.es\/es\/wp-json\/wp\/v2\/comments?post=9478"}],"version-history":[{"count":0,"href":"https:\/\/mesabonita.es\/es\/wp-json\/wp\/v2\/pages\/9478\/revisions"}],"wp:attachment":[{"href":"https:\/\/mesabonita.es\/es\/wp-json\/wp\/v2\/media?parent=9478"}],"curies":[{"name":"wp","href":"https:\/\/api.w.org\/{rel}","templated":true}]}}